{"id":1449,"date":"2016-12-19T11:28:31","date_gmt":"2016-12-19T10:28:31","guid":{"rendered":"https:\/\/acteam.be\/?page_id=1449"},"modified":"2020-07-03T15:19:14","modified_gmt":"2020-07-03T14:19:14","slug":"nouvelles","status":"publish","type":"page","link":"https:\/\/acteam.be\/fr\/nouvelles\/","title":{"rendered":"Nouvelles"},"content":{"rendered":"<p>[et_pb_section fb_built=\u00a0\u00bb1&Prime; admin_label=\u00a0\u00bbsection\u00a0\u00bb _builder_version=\u00a0\u00bb4.3.2&Prime;][et_pb_row admin_label=\u00a0\u00bbrow\u00a0\u00bb _builder_version=\u00a0\u00bb4.3.2&Prime; background_size=\u00a0\u00bbinitial\u00a0\u00bb background_position=\u00a0\u00bbtop_left\u00a0\u00bb background_repeat=\u00a0\u00bbrepeat\u00a0\u00bb][et_pb_column type=\u00a0\u00bb4_4&Prime; _builder_version=\u00a0\u00bb3.25&Prime; custom_padding=\u00a0\u00bb|||\u00a0\u00bb custom_padding__hover=\u00a0\u00bb|||\u00a0\u00bb][et_pb_text _builder_version=\u00a0\u00bb4.4.8&Prime; hover_enabled=\u00a0\u00bb0&Prime;]<\/p>\n<p>Nous n&rsquo;avons pas pris du repos les semaines pr\u00e9c\u00e9dentes. Nous avons cr\u00e9e un \u00e9v\u00e9nement qui tiens compte du contexte sanitaire que vous connaissez toutes et tous: Team Universalis.<\/p>\n<p>Nous avons \u00e9galement repris nos activit\u00e9s sportifs pour des particuliers. Laisser vous tenter pour une inoubliable descente en VTT, de l&rsquo;escalade ou du Via Ferrata, du canyoning,&#8230;<\/p>\n<p>Une autre nouveaut\u00e9: Mens sana in corpore sano. Avec cet \u00e9v\u00e9nement vous mettez l&rsquo;accent sur la sant\u00e9 de votre personnel. Boostez le moral des troupes!<\/p>\n<p>[\/et_pb_text][et_pb_image src=\u00a0\u00bbhttps:\/\/acteam.be\/wp-content\/uploads\/2016\/11\/banner-canyoning-2.jpg\u00a0\u00bb _builder_version=\u00a0\u00bb4.4.8&Prime; min_height=\u00a0\u00bb200px\u00a0\u00bb height=\u00a0\u00bb400px\u00a0\u00bb max_height=\u00a0\u00bb600px\u00a0\u00bb hover_enabled=\u00a0\u00bb0&Prime; src_last_edited=\u00a0\u00bbon|desktop\u00a0\u00bb title_text=\u00a0\u00bbbanner-canyoning-2&Prime;][\/et_pb_image][\/et_pb_column][\/et_pb_row][\/et_pb_section]<\/p>\n","protected":false},"excerpt":{"rendered":"<p>Nous n&rsquo;avons pas pris du repos les semaines pr\u00e9c\u00e9dentes. Nous avons cr\u00e9e un \u00e9v\u00e9nement qui tiens compte du contexte sanitaire que vous connaissez toutes et tous: Team Universalis. Nous avons \u00e9galement repris nos activit\u00e9s sportifs pour des particuliers. Laisser vous tenter pour une inoubliable descente en VTT, de l&rsquo;escalade ou du Via Ferrata, du canyoning,&#8230; [&hellip;]<\/p>\n","protected":false},"author":1,"featured_media":0,"parent":0,"menu_order":0,"comment_status":"closed","ping_status":"closed","template":"","meta":{"_et_pb_use_builder":"on","_et_pb_old_content":"","_et_gb_content_width":"","om_disable_all_campaigns":false,"_monsterinsights_skip_tracking":false,"_monsterinsights_sitenote_active":false,"_monsterinsights_sitenote_note":"","_monsterinsights_sitenote_category":0,"_uf_show_specific_survey":0,"_uf_disable_surveys":false,"footnotes":""},"class_list":["post-1449","page","type-page","status-publish","hentry"],"aioseo_notices":[],"_links":{"self":[{"href":"https:\/\/acteam.be\/fr\/wp-json\/wp\/v2\/pages\/1449","targetHints":{"allow":["GET"]}}],"collection":[{"href":"https:\/\/acteam.be\/fr\/wp-json\/wp\/v2\/pages"}],"about":[{"href":"https:\/\/acteam.be\/fr\/wp-json\/wp\/v2\/types\/page"}],"author":[{"embeddable":true,"href":"https:\/\/acteam.be\/fr\/wp-json\/wp\/v2\/users\/1"}],"replies":[{"embeddable":true,"href":"https:\/\/acteam.be\/fr\/wp-json\/wp\/v2\/comments?post=1449"}],"version-history":[{"count":0,"href":"https:\/\/acteam.be\/fr\/wp-json\/wp\/v2\/pages\/1449\/revisions"}],"wp:attachment":[{"href":"https:\/\/acteam.be\/fr\/wp-json\/wp\/v2\/media?parent=1449"}],"curies":[{"name":"wp","href":"https:\/\/api.w.org\/{rel}","templated":true}]}}