{"id":1507,"date":"2016-12-19T14:39:21","date_gmt":"2016-12-19T13:39:21","guid":{"rendered":"https:\/\/acteam.be\/?page_id=1507"},"modified":"2017-04-09T18:46:00","modified_gmt":"2017-04-09T17:46:00","slug":"journee-sportive-en-famille","status":"publish","type":"page","link":"https:\/\/acteam.be\/fr\/journee-sportive-en-famille\/","title":{"rendered":"Journ\u00e9e sportive en famille"},"content":{"rendered":"<p>[et_pb_section bb_built=\u00a0\u00bb1&Prime; admin_label=\u00a0\u00bbSectie\u00a0\u00bb transparent_background=\u00a0\u00bboff\u00a0\u00bb allow_player_pause=\u00a0\u00bboff\u00a0\u00bb inner_shadow=\u00a0\u00bboff\u00a0\u00bb parallax=\u00a0\u00bboff\u00a0\u00bb parallax_method=\u00a0\u00bbon\u00a0\u00bb custom_padding=\u00a0\u00bb0px|0px|0px|0px\u00a0\u00bb padding_mobile=\u00a0\u00bboff\u00a0\u00bb make_fullwidth=\u00a0\u00bboff\u00a0\u00bb use_custom_width=\u00a0\u00bboff\u00a0\u00bb width_unit=\u00a0\u00bboff\u00a0\u00bb custom_width_px=\u00a0\u00bb1080px\u00a0\u00bb custom_width_percent=\u00a0\u00bb80%\u00a0\u00bb make_equal=\u00a0\u00bboff\u00a0\u00bb use_custom_gutter=\u00a0\u00bboff\u00a0\u00bb fullwidth=\u00a0\u00bbon\u00a0\u00bb specialty=\u00a0\u00bboff\u00a0\u00bb disabled=\u00a0\u00bboff\u00a0\u00bb][et_pb_fullwidth_slider admin_label=\u00a0\u00bbVolle breedte slider\u00a0\u00bb show_arrows=\u00a0\u00bbon\u00a0\u00bb show_pagination=\u00a0\u00bbon\u00a0\u00bb auto=\u00a0\u00bbon\u00a0\u00bb auto_speed=\u00a0\u00bb7000&Prime; auto_ignore_hover=\u00a0\u00bboff\u00a0\u00bb parallax=\u00a0\u00bbon\u00a0\u00bb parallax_method=\u00a0\u00bboff\u00a0\u00bb remove_inner_shadow=\u00a0\u00bboff\u00a0\u00bb background_position=\u00a0\u00bbdefault\u00a0\u00bb background_size=\u00a0\u00bbdefault\u00a0\u00bb hide_content_on_mobile=\u00a0\u00bboff\u00a0\u00bb hide_cta_on_mobile=\u00a0\u00bboff\u00a0\u00bb show_image_video_mobile=\u00a0\u00bboff\u00a0\u00bb custom_button=\u00a0\u00bboff\u00a0\u00bb button_letter_spacing=\u00a0\u00bb0&Prime; button_use_icon=\u00a0\u00bbdefault\u00a0\u00bb button_icon_placement=\u00a0\u00bbright\u00a0\u00bb button_on_hover=\u00a0\u00bbon\u00a0\u00bb button_letter_spacing_hover=\u00a0\u00bb0&Prime; disabled=\u00a0\u00bboff\u00a0\u00bb] [et_pb_slide heading=\u00a0\u00bbJourn\u00e9e sportive en famille\u00a0\u00bb button_link=\u00a0\u00bb#\u00a0\u00bb background_image=\u00a0\u00bbhttps:\/\/acteam.be\/wp-content\/uploads\/2016\/11\/Banner-sportdag.jpg\u00a0\u00bb background_position=\u00a0\u00bbbottom_left\u00a0\u00bb background_size=\u00a0\u00bbdefault\u00a0\u00bb background_color=\u00a0\u00bb#ffffff\u00a0\u00bb use_bg_overlay=\u00a0\u00bboff\u00a0\u00bb use_text_overlay=\u00a0\u00bboff\u00a0\u00bb alignment=\u00a0\u00bbcenter\u00a0\u00bb background_layout=\u00a0\u00bbdark\u00a0\u00bb allow_player_pause=\u00a0\u00bboff\u00a0\u00bb text_border_radius=\u00a0\u00bb3&Prime; header_font=\u00a0\u00bb||||\u00a0\u00bb body_font=\u00a0\u00bb||||\u00a0\u00bb custom_button=\u00a0\u00bboff\u00a0\u00bb button_font=\u00a0\u00bb||||\u00a0\u00bb button_use_icon=\u00a0\u00bbdefault\u00a0\u00bb button_icon_placement=\u00a0\u00bbright\u00a0\u00bb button_on_hover=\u00a0\u00bbon\u00a0\u00bb disabled=\u00a0\u00bboff\u00a0\u00bb header_font_select=\u00a0\u00bbdefault\u00a0\u00bb body_font_select=\u00a0\u00bbdefault\u00a0\u00bb button_font_select=\u00a0\u00bbdefault\u00a0\u00bb] [\/et_pb_slide][et_pb_slide heading=\u00a0\u00bbJourn\u00e9e sportive en famille\u00a0\u00bb button_link=\u00a0\u00bb#\u00a0\u00bb background_image=\u00a0\u00bbhttps:\/\/acteam.be\/wp-content\/uploads\/2016\/11\/Banner-Sportdag4-1.jpg\u00a0\u00bb background_position=\u00a0\u00bbdefault\u00a0\u00bb background_size=\u00a0\u00bbdefault\u00a0\u00bb background_color=\u00a0\u00bb#ffffff\u00a0\u00bb use_bg_overlay=\u00a0\u00bboff\u00a0\u00bb use_text_overlay=\u00a0\u00bboff\u00a0\u00bb alignment=\u00a0\u00bbcenter\u00a0\u00bb background_layout=\u00a0\u00bbdark\u00a0\u00bb allow_player_pause=\u00a0\u00bboff\u00a0\u00bb text_border_radius=\u00a0\u00bb3&Prime; header_font=\u00a0\u00bb||||\u00a0\u00bb body_font=\u00a0\u00bb||||\u00a0\u00bb custom_button=\u00a0\u00bboff\u00a0\u00bb button_font=\u00a0\u00bb||||\u00a0\u00bb button_use_icon=\u00a0\u00bbdefault\u00a0\u00bb button_icon_placement=\u00a0\u00bbright\u00a0\u00bb button_on_hover=\u00a0\u00bbon\u00a0\u00bb disabled=\u00a0\u00bboff\u00a0\u00bb header_font_select=\u00a0\u00bbdefault\u00a0\u00bb body_font_select=\u00a0\u00bbdefault\u00a0\u00bb button_font_select=\u00a0\u00bbdefault\u00a0\u00bb] [\/et_pb_slide] [\/et_pb_fullwidth_slider][\/et_pb_section][et_pb_section bb_built=\u00a0\u00bb1&Prime; admin_label=\u00a0\u00bbsection\u00a0\u00bb transparent_background=\u00a0\u00bboff\u00a0\u00bb allow_player_pause=\u00a0\u00bboff\u00a0\u00bb inner_shadow=\u00a0\u00bboff\u00a0\u00bb parallax=\u00a0\u00bboff\u00a0\u00bb parallax_method=\u00a0\u00bbon\u00a0\u00bb custom_padding=\u00a0\u00bb3px|0px|4px|0px\u00a0\u00bb padding_mobile=\u00a0\u00bboff\u00a0\u00bb make_fullwidth=\u00a0\u00bboff\u00a0\u00bb use_custom_width=\u00a0\u00bboff\u00a0\u00bb width_unit=\u00a0\u00bboff\u00a0\u00bb custom_width_px=\u00a0\u00bb1080px\u00a0\u00bb custom_width_percent=\u00a0\u00bb80%\u00a0\u00bb make_equal=\u00a0\u00bboff\u00a0\u00bb use_custom_gutter=\u00a0\u00bboff\u00a0\u00bb fullwidth=\u00a0\u00bboff\u00a0\u00bb specialty=\u00a0\u00bboff\u00a0\u00bb disabled=\u00a0\u00bboff\u00a0\u00bb][et_pb_row admin_label=\u00a0\u00bbrow\u00a0\u00bb make_fullwidth=\u00a0\u00bboff\u00a0\u00bb use_custom_width=\u00a0\u00bboff\u00a0\u00bb width_unit=\u00a0\u00bboff\u00a0\u00bb custom_width_px=\u00a0\u00bb1080px\u00a0\u00bb custom_width_percent=\u00a0\u00bb80%\u00a0\u00bb use_custom_gutter=\u00a0\u00bboff\u00a0\u00bb gutter_width=\u00a0\u00bb3&Prime; custom_padding=\u00a0\u00bb34px|0px|49px|0px\u00a0\u00bb padding_mobile=\u00a0\u00bboff\u00a0\u00bb allow_player_pause=\u00a0\u00bboff\u00a0\u00bb parallax=\u00a0\u00bboff\u00a0\u00bb parallax_method=\u00a0\u00bbon\u00a0\u00bb make_equal=\u00a0\u00bboff\u00a0\u00bb column_padding_mobile=\u00a0\u00bbon\u00a0\u00bb parallax_1=\u00a0\u00bboff\u00a0\u00bb parallax_method_1=\u00a0\u00bbon\u00a0\u00bb parallax_2=\u00a0\u00bboff\u00a0\u00bb parallax_method_2=\u00a0\u00bbon\u00a0\u00bb parallax_3=\u00a0\u00bboff\u00a0\u00bb parallax_method_3=\u00a0\u00bbon\u00a0\u00bb parallax_4=\u00a0\u00bboff\u00a0\u00bb parallax_method_4=\u00a0\u00bbon\u00a0\u00bb disabled=\u00a0\u00bboff\u00a0\u00bb][et_pb_column type=\u00a0\u00bb4_4&Prime;][et_pb_text admin_label=\u00a0\u00bbTekst\u00a0\u00bb background_layout=\u00a0\u00bblight\u00a0\u00bb text_orientation=\u00a0\u00bbleft\u00a0\u00bb use_border_color=\u00a0\u00bboff\u00a0\u00bb border_style=\u00a0\u00bbsolid\u00a0\u00bb disabled=\u00a0\u00bboff\u00a0\u00bb border_color=\u00a0\u00bb#ffffff\u00a0\u00bb]<\/p>\n<h2>Journ\u00e9e sportive en famille<\/h2>\n<p>Vous faites des sports en famille dans le th\u00e8me des jeux Olympiques. Nous vous proposons un large \u00e9ventail de sports\u00a0: tennis de table, badminton, p\u00e9tanque, escalade en salle, foot, volley-ball, tennis, basket mais \u00e9galement du VTT, du cano\u00eb, de l\u2019athl\u00e9tisme, du patinage sur glace,\u2026<\/p>\n<p>Participer est \u00e9videmment plus important que de gagner.<\/p>\n<p>[\/et_pb_text][\/et_pb_column][\/et_pb_row][\/et_pb_section][et_pb_section bb_built=\u00a0\u00bb1&Prime; admin_label=\u00a0\u00bbsection\u00a0\u00bb transparent_background=\u00a0\u00bboff\u00a0\u00bb background_color=\u00a0\u00bb#eeeeee\u00a0\u00bb allow_player_pause=\u00a0\u00bboff\u00a0\u00bb inner_shadow=\u00a0\u00bboff\u00a0\u00bb parallax=\u00a0\u00bboff\u00a0\u00bb parallax_method=\u00a0\u00bboff\u00a0\u00bb custom_padding=\u00a0\u00bb4px|0px|4px|0px\u00a0\u00bb padding_mobile=\u00a0\u00bboff\u00a0\u00bb make_fullwidth=\u00a0\u00bboff\u00a0\u00bb use_custom_width=\u00a0\u00bboff\u00a0\u00bb width_unit=\u00a0\u00bbon\u00a0\u00bb custom_width_px=\u00a0\u00bb1080px\u00a0\u00bb custom_width_percent=\u00a0\u00bb80%\u00a0\u00bb make_equal=\u00a0\u00bboff\u00a0\u00bb use_custom_gutter=\u00a0\u00bboff\u00a0\u00bb fullwidth=\u00a0\u00bboff\u00a0\u00bb specialty=\u00a0\u00bboff\u00a0\u00bb disabled=\u00a0\u00bboff\u00a0\u00bb][et_pb_row admin_label=\u00a0\u00bbrow\u00a0\u00bb make_fullwidth=\u00a0\u00bboff\u00a0\u00bb use_custom_width=\u00a0\u00bboff\u00a0\u00bb width_unit=\u00a0\u00bboff\u00a0\u00bb custom_width_px=\u00a0\u00bb1080px\u00a0\u00bb custom_width_percent=\u00a0\u00bb80%\u00a0\u00bb use_custom_gutter=\u00a0\u00bboff\u00a0\u00bb gutter_width=\u00a0\u00bb3&Prime; custom_padding=\u00a0\u00bb44px|0px|34px|0px\u00a0\u00bb padding_mobile=\u00a0\u00bboff\u00a0\u00bb allow_player_pause=\u00a0\u00bboff\u00a0\u00bb parallax=\u00a0\u00bboff\u00a0\u00bb parallax_method=\u00a0\u00bbon\u00a0\u00bb make_equal=\u00a0\u00bboff\u00a0\u00bb column_padding_mobile=\u00a0\u00bbon\u00a0\u00bb parallax_1=\u00a0\u00bboff\u00a0\u00bb parallax_method_1=\u00a0\u00bbon\u00a0\u00bb parallax_2=\u00a0\u00bboff\u00a0\u00bb parallax_method_2=\u00a0\u00bbon\u00a0\u00bb parallax_3=\u00a0\u00bboff\u00a0\u00bb parallax_method_3=\u00a0\u00bbon\u00a0\u00bb parallax_4=\u00a0\u00bboff\u00a0\u00bb parallax_method_4=\u00a0\u00bbon\u00a0\u00bb disabled=\u00a0\u00bboff\u00a0\u00bb][et_pb_column type=\u00a0\u00bb1_4&Prime;][et_pb_text admin_label=\u00a0\u00bbTekst\u00a0\u00bb background_layout=\u00a0\u00bblight\u00a0\u00bb text_orientation=\u00a0\u00bbleft\u00a0\u00bb use_border_color=\u00a0\u00bboff\u00a0\u00bb border_style=\u00a0\u00bbsolid\u00a0\u00bb disabled=\u00a0\u00bboff\u00a0\u00bb border_color=\u00a0\u00bb#ffffff\u00a0\u00bb]<\/p>\n<h3>Informations pratique:<\/h3>\n<ul>\n<li>Dur\u00e9e\u00a0: Une demi journ\u00e9e ou journ\u00e9e compl\u00e8te.<\/li>\n<li>Lieu\u00a0: Domaine Bloso Herentals. D\u2019autres lieux disponibles, par exemple Domaine Provincial Nekker \u00e0 Malines, Domaine Bloso Kattevenia \u00e0 Genk,\u2026<\/li>\n<li>Participants: de 50 personnes \u00e0 400 personnes.<\/li>\n<li>P\u00e9riode : toute l&rsquo;ann\u00e9e.<\/li>\n<\/ul>\n<p>[\/et_pb_text][\/et_pb_column][et_pb_column type=\u00a0\u00bb1_4&Prime;][et_pb_circle_counter admin_label=\u00a0\u00bbCirkelteller\u00a0\u00bb title=\u00a0\u00bbEsprit d\u2019\u00e9quipe\u00a0\u00bb number=\u00a0\u00bb80&Prime; percent_sign=\u00a0\u00bbon\u00a0\u00bb background_layout=\u00a0\u00bblight\u00a0\u00bb bar_bg_color=\u00a0\u00bb#0c71c3&Prime; \/][\/et_pb_column][et_pb_column type=\u00a0\u00bb1_4&Prime;][et_pb_circle_counter admin_label=\u00a0\u00bbCirkelteller\u00a0\u00bb title=\u00a0\u00bbExp\u00e9rience de la nature\u00a0\u00bb number=\u00a0\u00bb90&Prime; percent_sign=\u00a0\u00bbon\u00a0\u00bb background_layout=\u00a0\u00bblight\u00a0\u00bb bar_bg_color=\u00a0\u00bb#7EBEC5&Prime; \/][\/et_pb_column][et_pb_column type=\u00a0\u00bb1_4&Prime;][et_pb_circle_counter admin_label=\u00a0\u00bbCirkelteller\u00a0\u00bb title=\u00a0\u00bbPhysique\u00a0\u00bb number=\u00a0\u00bb75&Prime; percent_sign=\u00a0\u00bbon\u00a0\u00bb background_layout=\u00a0\u00bblight\u00a0\u00bb bar_bg_color=\u00a0\u00bb#e09900&Prime; \/][\/et_pb_column][\/et_pb_row][\/et_pb_section][et_pb_section bb_built=\u00a0\u00bb1&Prime; admin_label=\u00a0\u00bbsection\u00a0\u00bb transparent_background=\u00a0\u00bboff\u00a0\u00bb allow_player_pause=\u00a0\u00bboff\u00a0\u00bb inner_shadow=\u00a0\u00bboff\u00a0\u00bb parallax=\u00a0\u00bboff\u00a0\u00bb parallax_method=\u00a0\u00bboff\u00a0\u00bb custom_padding=\u00a0\u00bb0px|0px|0px|0px\u00a0\u00bb padding_mobile=\u00a0\u00bboff\u00a0\u00bb make_fullwidth=\u00a0\u00bboff\u00a0\u00bb use_custom_width=\u00a0\u00bboff\u00a0\u00bb width_unit=\u00a0\u00bbon\u00a0\u00bb custom_width_px=\u00a0\u00bb1080px\u00a0\u00bb custom_width_percent=\u00a0\u00bb80%\u00a0\u00bb make_equal=\u00a0\u00bboff\u00a0\u00bb use_custom_gutter=\u00a0\u00bboff\u00a0\u00bb fullwidth=\u00a0\u00bboff\u00a0\u00bb specialty=\u00a0\u00bboff\u00a0\u00bb disabled=\u00a0\u00bboff\u00a0\u00bb][et_pb_row admin_label=\u00a0\u00bbrow\u00a0\u00bb make_fullwidth=\u00a0\u00bboff\u00a0\u00bb use_custom_width=\u00a0\u00bboff\u00a0\u00bb width_unit=\u00a0\u00bboff\u00a0\u00bb custom_width_px=\u00a0\u00bb1080px\u00a0\u00bb custom_width_percent=\u00a0\u00bb80%\u00a0\u00bb use_custom_gutter=\u00a0\u00bboff\u00a0\u00bb gutter_width=\u00a0\u00bb3&Prime; custom_padding=\u00a0\u00bb41px|0px|0px|0px\u00a0\u00bb padding_mobile=\u00a0\u00bboff\u00a0\u00bb allow_player_pause=\u00a0\u00bboff\u00a0\u00bb parallax=\u00a0\u00bboff\u00a0\u00bb parallax_method=\u00a0\u00bbon\u00a0\u00bb make_equal=\u00a0\u00bboff\u00a0\u00bb column_padding_mobile=\u00a0\u00bbon\u00a0\u00bb parallax_1=\u00a0\u00bboff\u00a0\u00bb parallax_method_1=\u00a0\u00bbon\u00a0\u00bb parallax_2=\u00a0\u00bboff\u00a0\u00bb parallax_method_2=\u00a0\u00bbon\u00a0\u00bb parallax_3=\u00a0\u00bboff\u00a0\u00bb parallax_method_3=\u00a0\u00bbon\u00a0\u00bb parallax_4=\u00a0\u00bboff\u00a0\u00bb parallax_method_4=\u00a0\u00bbon\u00a0\u00bb disabled=\u00a0\u00bboff\u00a0\u00bb][et_pb_column type=\u00a0\u00bb4_4&Prime;][et_pb_gallery admin_label=\u00a0\u00bbGalerij\u00a0\u00bb gallery_ids=\u00a0\u00bb1241,1250,1253,1256&Prime; fullwidth=\u00a0\u00bboff\u00a0\u00bb show_title_and_caption=\u00a0\u00bbon\u00a0\u00bb show_pagination=\u00a0\u00bboff\u00a0\u00bb background_layout=\u00a0\u00bblight\u00a0\u00bb auto=\u00a0\u00bboff\u00a0\u00bb auto_speed=\u00a0\u00bb7000&Prime; caption_font_size=\u00a0\u00bb16&Prime; caption_all_caps=\u00a0\u00bboff\u00a0\u00bb title_font_size=\u00a0\u00bb14&Prime; use_border_color=\u00a0\u00bboff\u00a0\u00bb border_color=\u00a0\u00bb#ffffff\u00a0\u00bb border_style=\u00a0\u00bbsolid\u00a0\u00bb disabled=\u00a0\u00bboff\u00a0\u00bb hover_overlay_color=\u00a0\u00bbrgba(255,255,255,0.9)\u00a0\u00bb \/][\/et_pb_column][\/et_pb_row][\/et_pb_section][et_pb_section bb_built=\u00a0\u00bb1&Prime; admin_label=\u00a0\u00bbsection\u00a0\u00bb transparent_background=\u00a0\u00bboff\u00a0\u00bb background_color=\u00a0\u00bb#27c9b8&Prime; allow_player_pause=\u00a0\u00bboff\u00a0\u00bb inner_shadow=\u00a0\u00bboff\u00a0\u00bb parallax=\u00a0\u00bboff\u00a0\u00bb parallax_method=\u00a0\u00bboff\u00a0\u00bb custom_padding=\u00a0\u00bb4px|0px|4px|0px\u00a0\u00bb padding_mobile=\u00a0\u00bboff\u00a0\u00bb make_fullwidth=\u00a0\u00bboff\u00a0\u00bb use_custom_width=\u00a0\u00bboff\u00a0\u00bb width_unit=\u00a0\u00bbon\u00a0\u00bb custom_width_px=\u00a0\u00bb1080px\u00a0\u00bb custom_width_percent=\u00a0\u00bb80%\u00a0\u00bb make_equal=\u00a0\u00bboff\u00a0\u00bb use_custom_gutter=\u00a0\u00bboff\u00a0\u00bb fullwidth=\u00a0\u00bboff\u00a0\u00bb specialty=\u00a0\u00bboff\u00a0\u00bb disabled=\u00a0\u00bboff\u00a0\u00bb][et_pb_row admin_label=\u00a0\u00bbrow\u00a0\u00bb make_fullwidth=\u00a0\u00bboff\u00a0\u00bb use_custom_width=\u00a0\u00bboff\u00a0\u00bb width_unit=\u00a0\u00bboff\u00a0\u00bb custom_width_px=\u00a0\u00bb1080px\u00a0\u00bb custom_width_percent=\u00a0\u00bb80%\u00a0\u00bb use_custom_gutter=\u00a0\u00bboff\u00a0\u00bb gutter_width=\u00a0\u00bb3&Prime; custom_padding=\u00a0\u00bb51px|0px|25.2667px|0px\u00a0\u00bb padding_mobile=\u00a0\u00bboff\u00a0\u00bb allow_player_pause=\u00a0\u00bboff\u00a0\u00bb parallax=\u00a0\u00bboff\u00a0\u00bb parallax_method=\u00a0\u00bbon\u00a0\u00bb make_equal=\u00a0\u00bboff\u00a0\u00bb column_padding_mobile=\u00a0\u00bbon\u00a0\u00bb parallax_1=\u00a0\u00bboff\u00a0\u00bb parallax_method_1=\u00a0\u00bbon\u00a0\u00bb parallax_2=\u00a0\u00bboff\u00a0\u00bb parallax_method_2=\u00a0\u00bbon\u00a0\u00bb parallax_3=\u00a0\u00bboff\u00a0\u00bb parallax_method_3=\u00a0\u00bbon\u00a0\u00bb parallax_4=\u00a0\u00bboff\u00a0\u00bb parallax_method_4=\u00a0\u00bbon\u00a0\u00bb disabled=\u00a0\u00bboff\u00a0\u00bb][et_pb_column type=\u00a0\u00bb1_2&Prime;][et_pb_text admin_label=\u00a0\u00bbTekst\u00a0\u00bb background_layout=\u00a0\u00bbdark\u00a0\u00bb text_orientation=\u00a0\u00bbright\u00a0\u00bb use_border_color=\u00a0\u00bboff\u00a0\u00bb border_style=\u00a0\u00bbsolid\u00a0\u00bb disabled=\u00a0\u00bboff\u00a0\u00bb border_color=\u00a0\u00bb#ffffff\u00a0\u00bb]<\/p>\n<h1>Int\u00e9r\u00eat?<\/h1>\n<p>[\/et_pb_text][\/et_pb_column][et_pb_column type=\u00a0\u00bb1_2&Prime;][et_pb_button admin_label=\u00a0\u00bbKnop\u00a0\u00bb url_new_window=\u00a0\u00bboff\u00a0\u00bb button_text=\u00a0\u00bbDemandez votre devis gratuit\u00a0\u00bb button_alignment=\u00a0\u00bbleft\u00a0\u00bb background_layout=\u00a0\u00bbdark\u00a0\u00bb custom_button=\u00a0\u00bboff\u00a0\u00bb button_letter_spacing=\u00a0\u00bb0&Prime; button_use_icon=\u00a0\u00bbdefault\u00a0\u00bb button_icon_placement=\u00a0\u00bbright\u00a0\u00bb button_on_hover=\u00a0\u00bbon\u00a0\u00bb button_letter_spacing_hover=\u00a0\u00bb0&Prime; disabled=\u00a0\u00bboff\u00a0\u00bb button_url=\u00a0\u00bbhttps:\/\/acteam.be\/fr\/contactez-nous\/\u00a0\u00bb \/][\/et_pb_column][\/et_pb_row][\/et_pb_section]<\/p>\n","protected":false},"excerpt":{"rendered":"<p>Journ\u00e9e sportive en famille Vous faites des sports en famille dans le th\u00e8me des jeux Olympiques. Nous vous proposons un large \u00e9ventail de sports\u00a0: tennis de table, badminton, p\u00e9tanque, escalade en salle, foot, volley-ball, tennis, basket mais \u00e9galement du VTT, du cano\u00eb, de l\u2019athl\u00e9tisme, du patinage sur glace,\u2026 Participer est \u00e9videmment plus important que de [&hellip;]<\/p>\n","protected":false},"author":1,"featured_media":0,"parent":0,"menu_order":0,"comment_status":"closed","ping_status":"closed","template":"","meta":{"_et_pb_use_builder":"on","_et_pb_old_content":"","_et_gb_content_width":"","om_disable_all_campaigns":false,"_monsterinsights_skip_tracking":false,"_monsterinsights_sitenote_active":false,"_monsterinsights_sitenote_note":"","_monsterinsights_sitenote_category":0,"_uf_show_specific_survey":0,"_uf_disable_surveys":false,"vk-ltc-link":"","vk-ltc-target":"0","footnotes":""},"class_list":["post-1507","page","type-page","status-publish","hentry"],"aioseo_notices":[],"_links":{"self":[{"href":"https:\/\/acteam.be\/fr\/wp-json\/wp\/v2\/pages\/1507","targetHints":{"allow":["GET"]}}],"collection":[{"href":"https:\/\/acteam.be\/fr\/wp-json\/wp\/v2\/pages"}],"about":[{"href":"https:\/\/acteam.be\/fr\/wp-json\/wp\/v2\/types\/page"}],"author":[{"embeddable":true,"href":"https:\/\/acteam.be\/fr\/wp-json\/wp\/v2\/users\/1"}],"replies":[{"embeddable":true,"href":"https:\/\/acteam.be\/fr\/wp-json\/wp\/v2\/comments?post=1507"}],"version-history":[{"count":0,"href":"https:\/\/acteam.be\/fr\/wp-json\/wp\/v2\/pages\/1507\/revisions"}],"wp:attachment":[{"href":"https:\/\/acteam.be\/fr\/wp-json\/wp\/v2\/media?parent=1507"}],"curies":[{"name":"wp","href":"https:\/\/api.w.org\/{rel}","templated":true}]}}