{"id":1566,"date":"2016-12-20T10:45:20","date_gmt":"2016-12-20T09:45:20","guid":{"rendered":"https:\/\/acteam.be\/?page_id=1566"},"modified":"2019-04-04T12:29:45","modified_gmt":"2019-04-04T11:29:45","slug":"hoegaarden-farm-trophy","status":"publish","type":"page","link":"https:\/\/acteam.be\/fr\/hoegaarden-farm-trophy\/","title":{"rendered":"Hoegaarden Farm trophy"},"content":{"rendered":"<p>[et_pb_section bb_built=\u00a0\u00bb1&Prime; transparent_background=\u00a0\u00bboff\u00a0\u00bb allow_player_pause=\u00a0\u00bboff\u00a0\u00bb inner_shadow=\u00a0\u00bboff\u00a0\u00bb parallax=\u00a0\u00bboff\u00a0\u00bb parallax_method=\u00a0\u00bbon\u00a0\u00bb custom_padding=\u00a0\u00bb0px|0px|0px|0px\u00a0\u00bb padding_mobile=\u00a0\u00bboff\u00a0\u00bb make_fullwidth=\u00a0\u00bboff\u00a0\u00bb use_custom_width=\u00a0\u00bboff\u00a0\u00bb width_unit=\u00a0\u00bboff\u00a0\u00bb custom_width_px=\u00a0\u00bb1080px\u00a0\u00bb custom_width_percent=\u00a0\u00bb80%\u00a0\u00bb make_equal=\u00a0\u00bboff\u00a0\u00bb use_custom_gutter=\u00a0\u00bboff\u00a0\u00bb fullwidth=\u00a0\u00bbon\u00a0\u00bb specialty=\u00a0\u00bboff\u00a0\u00bb disabled=\u00a0\u00bboff\u00a0\u00bb custom_padding_tablet=\u00a0\u00bb50px|0|50px|0&Prime; custom_padding_last_edited=\u00a0\u00bbon|desktop\u00a0\u00bb prev_background_color=\u00a0\u00bb#000000&Prime; next_background_color=\u00a0\u00bb#ffffff\u00a0\u00bb][et_pb_fullwidth_slider show_arrows=\u00a0\u00bbon\u00a0\u00bb show_pagination=\u00a0\u00bbon\u00a0\u00bb auto=\u00a0\u00bbon\u00a0\u00bb auto_speed=\u00a0\u00bb7000&Prime; auto_ignore_hover=\u00a0\u00bboff\u00a0\u00bb parallax=\u00a0\u00bbon\u00a0\u00bb parallax_method=\u00a0\u00bboff\u00a0\u00bb remove_inner_shadow=\u00a0\u00bboff\u00a0\u00bb background_position=\u00a0\u00bbdefault\u00a0\u00bb background_size=\u00a0\u00bbdefault\u00a0\u00bb hide_content_on_mobile=\u00a0\u00bboff\u00a0\u00bb hide_cta_on_mobile=\u00a0\u00bboff\u00a0\u00bb show_image_video_mobile=\u00a0\u00bboff\u00a0\u00bb custom_button=\u00a0\u00bboff\u00a0\u00bb button_letter_spacing=\u00a0\u00bb0&Prime; button_use_icon=\u00a0\u00bbdefault\u00a0\u00bb button_icon_placement=\u00a0\u00bbright\u00a0\u00bb button_on_hover=\u00a0\u00bbon\u00a0\u00bb button_letter_spacing_hover=\u00a0\u00bb0&Prime; disabled=\u00a0\u00bboff\u00a0\u00bb custom_padding=\u00a0\u00bb|||\u00a0\u00bb custom_padding_tablet=\u00a0\u00bb|||\u00a0\u00bb custom_padding_phone=\u00a0\u00bb|||\u00a0\u00bb show_inner_shadow=\u00a0\u00bbon\u00a0\u00bb show_content_on_mobile=\u00a0\u00bbon\u00a0\u00bb show_cta_on_mobile=\u00a0\u00bbon\u00a0\u00bb box_shadow_horizontal=\u00a0\u00bb0px\u00a0\u00bb box_shadow_vertical=\u00a0\u00bb0px\u00a0\u00bb box_shadow_blur=\u00a0\u00bb10px\u00a0\u00bb box_shadow_spread=\u00a0\u00bb0px\u00a0\u00bb box_shadow_position=\u00a0\u00bbinner\u00a0\u00bb box_shadow_color=\u00a0\u00bbrgba(0,0,0,0.1)\u00a0\u00bb box_shadow_style=\u00a0\u00bbpreset6&Prime; button_text_size__hover_enabled=\u00a0\u00bboff\u00a0\u00bb button_text_size__hover=\u00a0\u00bbnull\u00a0\u00bb button_one_text_size__hover_enabled=\u00a0\u00bboff\u00a0\u00bb button_one_text_size__hover=\u00a0\u00bbnull\u00a0\u00bb button_two_text_size__hover_enabled=\u00a0\u00bboff\u00a0\u00bb button_two_text_size__hover=\u00a0\u00bbnull\u00a0\u00bb button_text_color__hover_enabled=\u00a0\u00bboff\u00a0\u00bb button_text_color__hover=\u00a0\u00bbnull\u00a0\u00bb button_one_text_color__hover_enabled=\u00a0\u00bboff\u00a0\u00bb button_one_text_color__hover=\u00a0\u00bbnull\u00a0\u00bb button_two_text_color__hover_enabled=\u00a0\u00bboff\u00a0\u00bb button_two_text_color__hover=\u00a0\u00bbnull\u00a0\u00bb button_border_width__hover_enabled=\u00a0\u00bboff\u00a0\u00bb button_border_width__hover=\u00a0\u00bbnull\u00a0\u00bb button_one_border_width__hover_enabled=\u00a0\u00bboff\u00a0\u00bb button_one_border_width__hover=\u00a0\u00bbnull\u00a0\u00bb button_two_border_width__hover_enabled=\u00a0\u00bboff\u00a0\u00bb button_two_border_width__hover=\u00a0\u00bbnull\u00a0\u00bb button_border_color__hover_enabled=\u00a0\u00bboff\u00a0\u00bb button_border_color__hover=\u00a0\u00bbnull\u00a0\u00bb button_one_border_color__hover_enabled=\u00a0\u00bboff\u00a0\u00bb button_one_border_color__hover=\u00a0\u00bbnull\u00a0\u00bb button_two_border_color__hover_enabled=\u00a0\u00bboff\u00a0\u00bb button_two_border_color__hover=\u00a0\u00bbnull\u00a0\u00bb button_border_radius__hover_enabled=\u00a0\u00bboff\u00a0\u00bb button_border_radius__hover=\u00a0\u00bbnull\u00a0\u00bb button_one_border_radius__hover_enabled=\u00a0\u00bboff\u00a0\u00bb button_one_border_radius__hover=\u00a0\u00bbnull\u00a0\u00bb button_two_border_radius__hover_enabled=\u00a0\u00bboff\u00a0\u00bb button_two_border_radius__hover=\u00a0\u00bbnull\u00a0\u00bb button_letter_spacing__hover_enabled=\u00a0\u00bbon\u00a0\u00bb button_letter_spacing__hover=\u00a0\u00bb0&Prime; button_one_letter_spacing__hover_enabled=\u00a0\u00bboff\u00a0\u00bb button_one_letter_spacing__hover=\u00a0\u00bbnull\u00a0\u00bb button_two_letter_spacing__hover_enabled=\u00a0\u00bboff\u00a0\u00bb button_two_letter_spacing__hover=\u00a0\u00bbnull\u00a0\u00bb button_bg_color__hover_enabled=\u00a0\u00bboff\u00a0\u00bb button_bg_color__hover=\u00a0\u00bbnull\u00a0\u00bb button_one_bg_color__hover_enabled=\u00a0\u00bboff\u00a0\u00bb button_one_bg_color__hover=\u00a0\u00bbnull\u00a0\u00bb button_two_bg_color__hover_enabled=\u00a0\u00bboff\u00a0\u00bb button_two_bg_color__hover=\u00a0\u00bbnull\u00a0\u00bb][et_pb_slide heading=\u00a0\u00bbHoegaarden Farm trophy\u00a0\u00bb button_link=\u00a0\u00bb#\u00a0\u00bb background_image=\u00a0\u00bbhttps:\/\/acteam.be\/wp-content\/uploads\/2016\/11\/Hoegaarden-banner2.jpg\u00a0\u00bb background_position=\u00a0\u00bbbottom_left\u00a0\u00bb background_size=\u00a0\u00bbdefault\u00a0\u00bb background_color=\u00a0\u00bb#ffffff\u00a0\u00bb use_bg_overlay=\u00a0\u00bboff\u00a0\u00bb use_text_overlay=\u00a0\u00bboff\u00a0\u00bb alignment=\u00a0\u00bbcenter\u00a0\u00bb background_layout=\u00a0\u00bbdark\u00a0\u00bb allow_player_pause=\u00a0\u00bboff\u00a0\u00bb text_border_radius=\u00a0\u00bb3&Prime; header_font=\u00a0\u00bb||||\u00a0\u00bb body_font=\u00a0\u00bb||||\u00a0\u00bb custom_button=\u00a0\u00bboff\u00a0\u00bb button_font=\u00a0\u00bb||||\u00a0\u00bb button_use_icon=\u00a0\u00bbdefault\u00a0\u00bb button_icon_placement=\u00a0\u00bbright\u00a0\u00bb button_on_hover=\u00a0\u00bbon\u00a0\u00bb disabled=\u00a0\u00bboff\u00a0\u00bb header_font_select=\u00a0\u00bbdefault\u00a0\u00bb body_font_select=\u00a0\u00bbdefault\u00a0\u00bb button_font_select=\u00a0\u00bbdefault\u00a0\u00bb] [\/et_pb_slide][et_pb_slide heading=\u00a0\u00bbHoegaarden Farm trophy\u00a0\u00bb button_link=\u00a0\u00bb#\u00a0\u00bb background_image=\u00a0\u00bbhttps:\/\/acteam.be\/wp-content\/uploads\/2016\/11\/Hoegaarden7-banner.jpg\u00a0\u00bb background_position=\u00a0\u00bbdefault\u00a0\u00bb background_size=\u00a0\u00bbdefault\u00a0\u00bb background_color=\u00a0\u00bb#ffffff\u00a0\u00bb use_bg_overlay=\u00a0\u00bboff\u00a0\u00bb use_text_overlay=\u00a0\u00bboff\u00a0\u00bb alignment=\u00a0\u00bbcenter\u00a0\u00bb background_layout=\u00a0\u00bbdark\u00a0\u00bb allow_player_pause=\u00a0\u00bboff\u00a0\u00bb text_border_radius=\u00a0\u00bb3&Prime; header_font=\u00a0\u00bb||||\u00a0\u00bb body_font=\u00a0\u00bb||||\u00a0\u00bb custom_button=\u00a0\u00bboff\u00a0\u00bb button_font=\u00a0\u00bb||||\u00a0\u00bb button_use_icon=\u00a0\u00bbdefault\u00a0\u00bb button_icon_placement=\u00a0\u00bbright\u00a0\u00bb button_on_hover=\u00a0\u00bbon\u00a0\u00bb disabled=\u00a0\u00bboff\u00a0\u00bb header_font_select=\u00a0\u00bbdefault\u00a0\u00bb body_font_select=\u00a0\u00bbdefault\u00a0\u00bb button_font_select=\u00a0\u00bbdefault\u00a0\u00bb] [\/et_pb_slide][\/et_pb_fullwidth_slider][\/et_pb_section][et_pb_section bb_built=\u00a0\u00bb1&Prime; admin_label=\u00a0\u00bbsection\u00a0\u00bb transparent_background=\u00a0\u00bboff\u00a0\u00bb allow_player_pause=\u00a0\u00bboff\u00a0\u00bb inner_shadow=\u00a0\u00bboff\u00a0\u00bb parallax=\u00a0\u00bboff\u00a0\u00bb parallax_method=\u00a0\u00bbon\u00a0\u00bb custom_padding=\u00a0\u00bb3px|0px|4px|0px\u00a0\u00bb padding_mobile=\u00a0\u00bboff\u00a0\u00bb make_fullwidth=\u00a0\u00bboff\u00a0\u00bb use_custom_width=\u00a0\u00bboff\u00a0\u00bb width_unit=\u00a0\u00bboff\u00a0\u00bb custom_width_px=\u00a0\u00bb1080px\u00a0\u00bb custom_width_percent=\u00a0\u00bb80%\u00a0\u00bb make_equal=\u00a0\u00bboff\u00a0\u00bb use_custom_gutter=\u00a0\u00bboff\u00a0\u00bb fullwidth=\u00a0\u00bboff\u00a0\u00bb specialty=\u00a0\u00bboff\u00a0\u00bb disabled=\u00a0\u00bboff\u00a0\u00bb custom_padding_tablet=\u00a0\u00bb50px|0|50px|0&Prime; custom_padding_last_edited=\u00a0\u00bbon|desktop\u00a0\u00bb prev_background_color=\u00a0\u00bb#ffffff\u00a0\u00bb next_background_color=\u00a0\u00bb#eeeeee\u00a0\u00bb][et_pb_row admin_label=\u00a0\u00bbrow\u00a0\u00bb make_fullwidth=\u00a0\u00bboff\u00a0\u00bb use_custom_width=\u00a0\u00bboff\u00a0\u00bb width_unit=\u00a0\u00bboff\u00a0\u00bb custom_width_px=\u00a0\u00bb1080px\u00a0\u00bb custom_width_percent=\u00a0\u00bb80%\u00a0\u00bb use_custom_gutter=\u00a0\u00bboff\u00a0\u00bb gutter_width=\u00a0\u00bb3&Prime; custom_padding=\u00a0\u00bb34px|0px|49px|0px\u00a0\u00bb padding_mobile=\u00a0\u00bboff\u00a0\u00bb allow_player_pause=\u00a0\u00bboff\u00a0\u00bb parallax=\u00a0\u00bboff\u00a0\u00bb parallax_method=\u00a0\u00bbon\u00a0\u00bb make_equal=\u00a0\u00bboff\u00a0\u00bb column_padding_mobile=\u00a0\u00bbon\u00a0\u00bb parallax_1=\u00a0\u00bboff\u00a0\u00bb parallax_method_1=\u00a0\u00bbon\u00a0\u00bb parallax_2=\u00a0\u00bboff\u00a0\u00bb parallax_method_2=\u00a0\u00bbon\u00a0\u00bb parallax_3=\u00a0\u00bboff\u00a0\u00bb parallax_method_3=\u00a0\u00bbon\u00a0\u00bb parallax_4=\u00a0\u00bboff\u00a0\u00bb parallax_method_4=\u00a0\u00bbon\u00a0\u00bb disabled=\u00a0\u00bboff\u00a0\u00bb background_position=\u00a0\u00bbtop_left\u00a0\u00bb background_repeat=\u00a0\u00bbrepeat\u00a0\u00bb background_size=\u00a0\u00bbinitial\u00a0\u00bb][et_pb_column type=\u00a0\u00bb4_4&Prime;][et_pb_text use_border_color=\u00a0\u00bboff\u00a0\u00bb disabled=\u00a0\u00bboff\u00a0\u00bb background_position=\u00a0\u00bbtop_left\u00a0\u00bb background_repeat=\u00a0\u00bbrepeat\u00a0\u00bb background_size=\u00a0\u00bbinitial\u00a0\u00bb _builder_version=\u00a0\u00bb3.21.2&Prime; z_index_tablet=\u00a0\u00bb500&Prime;]<\/p>\n<h2>Hoegaarden Farm trophy<\/h2>\n<p>Les participants seront sollicit\u00e9s en cours de route par plusieurs \u00e9preuves. Voici les cinq \u00e9preuves constituant notre offre standard de ce trophy: le golf agricole, l&rsquo;\u00e9preuve d&rsquo;agilit\u00e9 au volant d&rsquo;un tracteur, l&rsquo;\u00e9preuve \u00e0 cheval, le lancer de lasso, la traite de la vache et le quiz agricole. Vous pouvez cl\u00f4turer cette journ\u00e9e par une d\u00e9gustation de bi\u00e8res typiques de Hoegaarden ou par un barbecue.<\/p>\n<p>[\/et_pb_text][\/et_pb_column][\/et_pb_row][\/et_pb_section][et_pb_section bb_built=\u00a0\u00bb1&Prime; admin_label=\u00a0\u00bbsection\u00a0\u00bb transparent_background=\u00a0\u00bboff\u00a0\u00bb background_color=\u00a0\u00bb#eeeeee\u00a0\u00bb allow_player_pause=\u00a0\u00bboff\u00a0\u00bb inner_shadow=\u00a0\u00bboff\u00a0\u00bb parallax=\u00a0\u00bboff\u00a0\u00bb parallax_method=\u00a0\u00bboff\u00a0\u00bb custom_padding=\u00a0\u00bb4px|0px|4px|0px\u00a0\u00bb padding_mobile=\u00a0\u00bboff\u00a0\u00bb make_fullwidth=\u00a0\u00bboff\u00a0\u00bb use_custom_width=\u00a0\u00bboff\u00a0\u00bb width_unit=\u00a0\u00bbon\u00a0\u00bb custom_width_px=\u00a0\u00bb1080px\u00a0\u00bb custom_width_percent=\u00a0\u00bb80%\u00a0\u00bb make_equal=\u00a0\u00bboff\u00a0\u00bb use_custom_gutter=\u00a0\u00bboff\u00a0\u00bb fullwidth=\u00a0\u00bboff\u00a0\u00bb specialty=\u00a0\u00bboff\u00a0\u00bb disabled=\u00a0\u00bboff\u00a0\u00bb custom_padding_tablet=\u00a0\u00bb50px|0|50px|0&Prime; custom_padding_last_edited=\u00a0\u00bbon|desktop\u00a0\u00bb prev_background_color=\u00a0\u00bb#ffffff\u00a0\u00bb next_background_color=\u00a0\u00bb#ffffff\u00a0\u00bb][et_pb_row admin_label=\u00a0\u00bbrow\u00a0\u00bb make_fullwidth=\u00a0\u00bboff\u00a0\u00bb use_custom_width=\u00a0\u00bboff\u00a0\u00bb width_unit=\u00a0\u00bboff\u00a0\u00bb custom_width_px=\u00a0\u00bb1080px\u00a0\u00bb custom_width_percent=\u00a0\u00bb80%\u00a0\u00bb use_custom_gutter=\u00a0\u00bboff\u00a0\u00bb gutter_width=\u00a0\u00bb3&Prime; custom_padding=\u00a0\u00bb44px|0px|34px|0px\u00a0\u00bb padding_mobile=\u00a0\u00bboff\u00a0\u00bb allow_player_pause=\u00a0\u00bboff\u00a0\u00bb parallax=\u00a0\u00bboff\u00a0\u00bb parallax_method=\u00a0\u00bbon\u00a0\u00bb make_equal=\u00a0\u00bboff\u00a0\u00bb column_padding_mobile=\u00a0\u00bbon\u00a0\u00bb parallax_1=\u00a0\u00bboff\u00a0\u00bb parallax_method_1=\u00a0\u00bbon\u00a0\u00bb parallax_2=\u00a0\u00bboff\u00a0\u00bb parallax_method_2=\u00a0\u00bbon\u00a0\u00bb parallax_3=\u00a0\u00bboff\u00a0\u00bb parallax_method_3=\u00a0\u00bbon\u00a0\u00bb parallax_4=\u00a0\u00bboff\u00a0\u00bb parallax_method_4=\u00a0\u00bbon\u00a0\u00bb disabled=\u00a0\u00bboff\u00a0\u00bb background_position=\u00a0\u00bbtop_left\u00a0\u00bb background_repeat=\u00a0\u00bbrepeat\u00a0\u00bb background_size=\u00a0\u00bbinitial\u00a0\u00bb][et_pb_column type=\u00a0\u00bb1_4&Prime;][et_pb_text use_border_color=\u00a0\u00bboff\u00a0\u00bb disabled=\u00a0\u00bboff\u00a0\u00bb background_position=\u00a0\u00bbtop_left\u00a0\u00bb background_repeat=\u00a0\u00bbrepeat\u00a0\u00bb background_size=\u00a0\u00bbinitial\u00a0\u00bb _builder_version=\u00a0\u00bb3.21.2&Prime; z_index_tablet=\u00a0\u00bb500&Prime;]<\/p>\n<h3>Informations pratiques:<\/h3>\n<ul>\n<li>Dur\u00e9e : demi- journ\u00e9e ou journ\u00e9e enti\u00e8re. Autre option possible: le programme complet avec lunch \u2018bi\u00e8re\u2019 dans la brasserie de Hoegaarden ou un BBQ dans une ferme. Formule avec po\u00eale g\u00e9ante et 13 choix de viandes.<\/li>\n<li>Lieu\u00a0: Hoegaarden.<\/li>\n<li>Participants: de 10 personnes \u00e0 100 personnes.<\/li>\n<li>P\u00e9riode : de mars \u00e0 octobre.<\/li>\n<\/ul>\n<p>[\/et_pb_text][\/et_pb_column][et_pb_column type=\u00a0\u00bb1_4&Prime;][et_pb_circle_counter title=\u00a0\u00bbEsprit d\u2019\u00e9quipe \u00a0\u00bb number=\u00a0\u00bb90&Prime; percent_sign=\u00a0\u00bbon\u00a0\u00bb background_layout=\u00a0\u00bblight\u00a0\u00bb bar_bg_color=\u00a0\u00bb#0c71c3&Prime; \/][\/et_pb_column][et_pb_column type=\u00a0\u00bb1_4&Prime;][et_pb_circle_counter title=\u00a0\u00bbExp\u00e9rience de la nature \u00a0\u00bb number=\u00a0\u00bb95&Prime; percent_sign=\u00a0\u00bbon\u00a0\u00bb background_layout=\u00a0\u00bblight\u00a0\u00bb bar_bg_color=\u00a0\u00bb#7EBEC5&Prime; \/][\/et_pb_column][et_pb_column type=\u00a0\u00bb1_4&Prime;][et_pb_circle_counter title=\u00a0\u00bbPhysique\u00a0\u00bb number=\u00a0\u00bb60&Prime; percent_sign=\u00a0\u00bbon\u00a0\u00bb background_layout=\u00a0\u00bblight\u00a0\u00bb bar_bg_color=\u00a0\u00bb#e09900&Prime; \/][\/et_pb_column][\/et_pb_row][\/et_pb_section][et_pb_section bb_built=\u00a0\u00bb1&Prime; admin_label=\u00a0\u00bbsection\u00a0\u00bb transparent_background=\u00a0\u00bboff\u00a0\u00bb allow_player_pause=\u00a0\u00bboff\u00a0\u00bb inner_shadow=\u00a0\u00bboff\u00a0\u00bb parallax=\u00a0\u00bboff\u00a0\u00bb parallax_method=\u00a0\u00bboff\u00a0\u00bb custom_padding=\u00a0\u00bb0px|0px|0px|0px\u00a0\u00bb padding_mobile=\u00a0\u00bboff\u00a0\u00bb make_fullwidth=\u00a0\u00bboff\u00a0\u00bb use_custom_width=\u00a0\u00bboff\u00a0\u00bb width_unit=\u00a0\u00bbon\u00a0\u00bb custom_width_px=\u00a0\u00bb1080px\u00a0\u00bb custom_width_percent=\u00a0\u00bb80%\u00a0\u00bb make_equal=\u00a0\u00bboff\u00a0\u00bb use_custom_gutter=\u00a0\u00bboff\u00a0\u00bb fullwidth=\u00a0\u00bboff\u00a0\u00bb specialty=\u00a0\u00bboff\u00a0\u00bb disabled=\u00a0\u00bboff\u00a0\u00bb custom_padding_tablet=\u00a0\u00bb50px|0|50px|0&Prime; custom_padding_last_edited=\u00a0\u00bbon|desktop\u00a0\u00bb prev_background_color=\u00a0\u00bb#eeeeee\u00a0\u00bb next_background_color=\u00a0\u00bb#27c9b8&Prime;][et_pb_row admin_label=\u00a0\u00bbrow\u00a0\u00bb make_fullwidth=\u00a0\u00bboff\u00a0\u00bb use_custom_width=\u00a0\u00bboff\u00a0\u00bb width_unit=\u00a0\u00bboff\u00a0\u00bb custom_width_px=\u00a0\u00bb1080px\u00a0\u00bb custom_width_percent=\u00a0\u00bb80%\u00a0\u00bb use_custom_gutter=\u00a0\u00bboff\u00a0\u00bb gutter_width=\u00a0\u00bb3&Prime; custom_padding=\u00a0\u00bb41px|0px|0px|0px\u00a0\u00bb padding_mobile=\u00a0\u00bboff\u00a0\u00bb allow_player_pause=\u00a0\u00bboff\u00a0\u00bb parallax=\u00a0\u00bboff\u00a0\u00bb parallax_method=\u00a0\u00bbon\u00a0\u00bb make_equal=\u00a0\u00bboff\u00a0\u00bb column_padding_mobile=\u00a0\u00bbon\u00a0\u00bb parallax_1=\u00a0\u00bboff\u00a0\u00bb parallax_method_1=\u00a0\u00bbon\u00a0\u00bb parallax_2=\u00a0\u00bboff\u00a0\u00bb parallax_method_2=\u00a0\u00bbon\u00a0\u00bb parallax_3=\u00a0\u00bboff\u00a0\u00bb parallax_method_3=\u00a0\u00bbon\u00a0\u00bb parallax_4=\u00a0\u00bboff\u00a0\u00bb parallax_method_4=\u00a0\u00bbon\u00a0\u00bb disabled=\u00a0\u00bboff\u00a0\u00bb background_position=\u00a0\u00bbtop_left\u00a0\u00bb background_repeat=\u00a0\u00bbrepeat\u00a0\u00bb background_size=\u00a0\u00bbinitial\u00a0\u00bb][et_pb_column type=\u00a0\u00bb4_4&Prime;][et_pb_gallery gallery_ids=\u00a0\u00bb204,210,213,468&Prime; fullwidth=\u00a0\u00bboff\u00a0\u00bb show_title_and_caption=\u00a0\u00bbon\u00a0\u00bb show_pagination=\u00a0\u00bboff\u00a0\u00bb background_layout=\u00a0\u00bblight\u00a0\u00bb auto=\u00a0\u00bboff\u00a0\u00bb auto_speed=\u00a0\u00bb7000&Prime; caption_font_size=\u00a0\u00bb16&Prime; caption_all_caps=\u00a0\u00bboff\u00a0\u00bb title_font_size=\u00a0\u00bb14&Prime; use_border_color=\u00a0\u00bboff\u00a0\u00bb border_color=\u00a0\u00bb#ffffff\u00a0\u00bb border_style=\u00a0\u00bbsolid\u00a0\u00bb disabled=\u00a0\u00bboff\u00a0\u00bb hover_overlay_color=\u00a0\u00bbrgba(255,255,255,0.9)\u00a0\u00bb \/][\/et_pb_column][\/et_pb_row][\/et_pb_section][et_pb_section bb_built=\u00a0\u00bb1&Prime; admin_label=\u00a0\u00bbsection\u00a0\u00bb transparent_background=\u00a0\u00bboff\u00a0\u00bb background_color=\u00a0\u00bb#27c9b8&Prime; allow_player_pause=\u00a0\u00bboff\u00a0\u00bb inner_shadow=\u00a0\u00bboff\u00a0\u00bb parallax=\u00a0\u00bboff\u00a0\u00bb parallax_method=\u00a0\u00bboff\u00a0\u00bb custom_padding=\u00a0\u00bb4px|0px|4px|0px\u00a0\u00bb padding_mobile=\u00a0\u00bboff\u00a0\u00bb make_fullwidth=\u00a0\u00bboff\u00a0\u00bb use_custom_width=\u00a0\u00bboff\u00a0\u00bb width_unit=\u00a0\u00bbon\u00a0\u00bb custom_width_px=\u00a0\u00bb1080px\u00a0\u00bb custom_width_percent=\u00a0\u00bb80%\u00a0\u00bb make_equal=\u00a0\u00bboff\u00a0\u00bb use_custom_gutter=\u00a0\u00bboff\u00a0\u00bb fullwidth=\u00a0\u00bboff\u00a0\u00bb specialty=\u00a0\u00bboff\u00a0\u00bb disabled=\u00a0\u00bboff\u00a0\u00bb custom_padding_tablet=\u00a0\u00bb50px|0|50px|0&Prime; custom_padding_last_edited=\u00a0\u00bbon|desktop\u00a0\u00bb prev_background_color=\u00a0\u00bb#ffffff\u00a0\u00bb][et_pb_row admin_label=\u00a0\u00bbrow\u00a0\u00bb make_fullwidth=\u00a0\u00bboff\u00a0\u00bb use_custom_width=\u00a0\u00bboff\u00a0\u00bb width_unit=\u00a0\u00bboff\u00a0\u00bb custom_width_px=\u00a0\u00bb1080px\u00a0\u00bb custom_width_percent=\u00a0\u00bb80%\u00a0\u00bb use_custom_gutter=\u00a0\u00bboff\u00a0\u00bb gutter_width=\u00a0\u00bb3&Prime; custom_padding=\u00a0\u00bb51px|0px|25.2667px|0px\u00a0\u00bb padding_mobile=\u00a0\u00bboff\u00a0\u00bb allow_player_pause=\u00a0\u00bboff\u00a0\u00bb parallax=\u00a0\u00bboff\u00a0\u00bb parallax_method=\u00a0\u00bbon\u00a0\u00bb make_equal=\u00a0\u00bboff\u00a0\u00bb column_padding_mobile=\u00a0\u00bbon\u00a0\u00bb parallax_1=\u00a0\u00bboff\u00a0\u00bb parallax_method_1=\u00a0\u00bbon\u00a0\u00bb parallax_2=\u00a0\u00bboff\u00a0\u00bb parallax_method_2=\u00a0\u00bbon\u00a0\u00bb parallax_3=\u00a0\u00bboff\u00a0\u00bb parallax_method_3=\u00a0\u00bbon\u00a0\u00bb parallax_4=\u00a0\u00bboff\u00a0\u00bb parallax_method_4=\u00a0\u00bbon\u00a0\u00bb disabled=\u00a0\u00bboff\u00a0\u00bb background_position=\u00a0\u00bbtop_left\u00a0\u00bb background_repeat=\u00a0\u00bbrepeat\u00a0\u00bb background_size=\u00a0\u00bbinitial\u00a0\u00bb][et_pb_column type=\u00a0\u00bb1_2&Prime;][et_pb_text background_layout=\u00a0\u00bbdark\u00a0\u00bb text_orientation=\u00a0\u00bbright\u00a0\u00bb use_border_color=\u00a0\u00bboff\u00a0\u00bb border_style=\u00a0\u00bbsolid\u00a0\u00bb disabled=\u00a0\u00bboff\u00a0\u00bb border_color=\u00a0\u00bb#ffffff\u00a0\u00bb background_position=\u00a0\u00bbtop_left\u00a0\u00bb background_repeat=\u00a0\u00bbrepeat\u00a0\u00bb background_size=\u00a0\u00bbinitial\u00a0\u00bb]<\/p>\n<h1>Int\u00e9r\u00eat?<\/h1>\n<p>[\/et_pb_text][\/et_pb_column][et_pb_column type=\u00a0\u00bb1_2&Prime;][et_pb_button url_new_window=\u00a0\u00bboff\u00a0\u00bb button_text=\u00a0\u00bbDemandez votre devis gratuit\u00a0\u00bb button_alignment=\u00a0\u00bbleft\u00a0\u00bb background_layout=\u00a0\u00bbdark\u00a0\u00bb custom_button=\u00a0\u00bboff\u00a0\u00bb button_letter_spacing=\u00a0\u00bb0&Prime; button_use_icon=\u00a0\u00bbdefault\u00a0\u00bb button_icon_placement=\u00a0\u00bbright\u00a0\u00bb button_on_hover=\u00a0\u00bbon\u00a0\u00bb button_letter_spacing_hover=\u00a0\u00bb0&Prime; disabled=\u00a0\u00bboff\u00a0\u00bb button_url=\u00a0\u00bbhttps:\/\/acteam.be\/fr\/contactez-nous\/\u00a0\u00bb button_text_size__hover_enabled=\u00a0\u00bboff\u00a0\u00bb button_text_size__hover=\u00a0\u00bbnull\u00a0\u00bb button_one_text_size__hover_enabled=\u00a0\u00bboff\u00a0\u00bb button_one_text_size__hover=\u00a0\u00bbnull\u00a0\u00bb button_two_text_size__hover_enabled=\u00a0\u00bboff\u00a0\u00bb button_two_text_size__hover=\u00a0\u00bbnull\u00a0\u00bb button_text_color__hover_enabled=\u00a0\u00bboff\u00a0\u00bb button_text_color__hover=\u00a0\u00bbnull\u00a0\u00bb button_one_text_color__hover_enabled=\u00a0\u00bboff\u00a0\u00bb button_one_text_color__hover=\u00a0\u00bbnull\u00a0\u00bb button_two_text_color__hover_enabled=\u00a0\u00bboff\u00a0\u00bb button_two_text_color__hover=\u00a0\u00bbnull\u00a0\u00bb button_border_width__hover_enabled=\u00a0\u00bboff\u00a0\u00bb button_border_width__hover=\u00a0\u00bbnull\u00a0\u00bb button_one_border_width__hover_enabled=\u00a0\u00bboff\u00a0\u00bb button_one_border_width__hover=\u00a0\u00bbnull\u00a0\u00bb button_two_border_width__hover_enabled=\u00a0\u00bboff\u00a0\u00bb button_two_border_width__hover=\u00a0\u00bbnull\u00a0\u00bb button_border_color__hover_enabled=\u00a0\u00bboff\u00a0\u00bb button_border_color__hover=\u00a0\u00bbnull\u00a0\u00bb button_one_border_color__hover_enabled=\u00a0\u00bboff\u00a0\u00bb button_one_border_color__hover=\u00a0\u00bbnull\u00a0\u00bb button_two_border_color__hover_enabled=\u00a0\u00bboff\u00a0\u00bb button_two_border_color__hover=\u00a0\u00bbnull\u00a0\u00bb button_border_radius__hover_enabled=\u00a0\u00bboff\u00a0\u00bb button_border_radius__hover=\u00a0\u00bbnull\u00a0\u00bb button_one_border_radius__hover_enabled=\u00a0\u00bboff\u00a0\u00bb button_one_border_radius__hover=\u00a0\u00bbnull\u00a0\u00bb button_two_border_radius__hover_enabled=\u00a0\u00bboff\u00a0\u00bb button_two_border_radius__hover=\u00a0\u00bbnull\u00a0\u00bb button_letter_spacing__hover_enabled=\u00a0\u00bbon\u00a0\u00bb button_letter_spacing__hover=\u00a0\u00bb0&Prime; button_one_letter_spacing__hover_enabled=\u00a0\u00bboff\u00a0\u00bb button_one_letter_spacing__hover=\u00a0\u00bbnull\u00a0\u00bb button_two_letter_spacing__hover_enabled=\u00a0\u00bboff\u00a0\u00bb button_two_letter_spacing__hover=\u00a0\u00bbnull\u00a0\u00bb button_bg_color__hover_enabled=\u00a0\u00bboff\u00a0\u00bb button_bg_color__hover=\u00a0\u00bbnull\u00a0\u00bb button_one_bg_color__hover_enabled=\u00a0\u00bboff\u00a0\u00bb button_one_bg_color__hover=\u00a0\u00bbnull\u00a0\u00bb button_two_bg_color__hover_enabled=\u00a0\u00bboff\u00a0\u00bb button_two_bg_color__hover=\u00a0\u00bbnull\u00a0\u00bb \/][\/et_pb_column][\/et_pb_row][\/et_pb_section]<\/p>\n","protected":false},"excerpt":{"rendered":"<p>Hoegaarden Farm trophy Les participants seront sollicit\u00e9s en cours de route par plusieurs \u00e9preuves. Voici les cinq \u00e9preuves constituant notre offre standard de ce trophy: le golf agricole, l&rsquo;\u00e9preuve d&rsquo;agilit\u00e9 au volant d&rsquo;un tracteur, l&rsquo;\u00e9preuve \u00e0 cheval, le lancer de lasso, la traite de la vache et le quiz agricole. Vous pouvez cl\u00f4turer cette journ\u00e9e [&hellip;]<\/p>\n","protected":false},"author":1,"featured_media":0,"parent":0,"menu_order":0,"comment_status":"closed","ping_status":"closed","template":"","meta":{"_et_pb_use_builder":"on","_et_pb_old_content":"","_et_gb_content_width":"","om_disable_all_campaigns":false,"_monsterinsights_skip_tracking":false,"_monsterinsights_sitenote_active":false,"_monsterinsights_sitenote_note":"","_monsterinsights_sitenote_category":0,"_uf_show_specific_survey":0,"_uf_disable_surveys":false,"footnotes":""},"class_list":["post-1566","page","type-page","status-publish","hentry"],"aioseo_notices":[],"_links":{"self":[{"href":"https:\/\/acteam.be\/fr\/wp-json\/wp\/v2\/pages\/1566","targetHints":{"allow":["GET"]}}],"collection":[{"href":"https:\/\/acteam.be\/fr\/wp-json\/wp\/v2\/pages"}],"about":[{"href":"https:\/\/acteam.be\/fr\/wp-json\/wp\/v2\/types\/page"}],"author":[{"embeddable":true,"href":"https:\/\/acteam.be\/fr\/wp-json\/wp\/v2\/users\/1"}],"replies":[{"embeddable":true,"href":"https:\/\/acteam.be\/fr\/wp-json\/wp\/v2\/comments?post=1566"}],"version-history":[{"count":0,"href":"https:\/\/acteam.be\/fr\/wp-json\/wp\/v2\/pages\/1566\/revisions"}],"wp:attachment":[{"href":"https:\/\/acteam.be\/fr\/wp-json\/wp\/v2\/media?parent=1566"}],"curies":[{"name":"wp","href":"https:\/\/api.w.org\/{rel}","templated":true}]}}